
  {"id":175,"date":"2020-03-31T20:06:34","date_gmt":"2020-03-31T20:06:34","guid":{"rendered":"https:\/\/pmkplaw.wpengine.com\/liderazgo\/"},"modified":"2021-03-09T13:50:08","modified_gmt":"2021-03-09T13:50:08","slug":"liderazgo","status":"publish","type":"page","link":"https:\/\/www.kpdlawgroup.com\/es\/liderazgo\/","title":{"rendered":"Liderazgo"},"content":{"rendered":"<p><strong>Michael J. Klima, Jr., Esq.<\/strong> naci\u00f3 y creci\u00f3 en Baltimore, Maryland, obteniendo su licenciatura de la Universidad Estatal de Towson y su Doctorado en Jurisprudencia de la Universidad de Baltimore. El Sr. Klima comenz\u00f3 su empleo con Thieblot Ryan PA en 1996 como parte del personal de cobranza, luego como asistente legal y finalmente como abogado. El Sr. Klima tiene licencia para practicar leyes en Maryland, el Distrito de Columbia y Virginia. Supervisa la quiebra de la empresa y las pr\u00e1cticas de Virginia, y es miembro del Instituto Americano de Bancarrota y de la Asociaci\u00f3n Nacional de Abogados de Cobranza Minorista.<\/p>\n<p><strong>Scott E. Peters, Esq.<\/strong> cri\u00f3 en Rochester, Nueva York, obteniendo su licenciatura de la Universidad Estatal de Nueva York en Buffalo y el Doctorado en Jurisprudencia de la Universidad de Baltimore. Mientras asist\u00eda a la facultad de derecho, el Sr. Peters particip\u00f3 en la Competencia de ABA National Adpellate Advocacy Competition en representaci\u00f3n de la Facultad de Derecho de la Universidad de Baltimore. El Sr. Peters comenz\u00f3 su empleo en Thieblot Ryan PA en 2001 como asistente legal, luego como abogado tras su admisi\u00f3n al colegio de abogados. El Sr. Peters tiene licencia para practicar leyes en Maryland, el Distrito de Columbia y Virginia.<\/p>\n<p><strong>Sean Daly, Esq.<\/strong> gradu\u00f3 de la Universidad de Maryland (BA 1999). El Sr. Daly se gradu\u00f3 de la Facultad de Derecho de la Universidad Cat\u00f3lica en 2008. Despu\u00e9s de la graduaci\u00f3n, Sean trabaj\u00f3 para el Honorable Thomas J. Love en el Tribunal de Distrito del Condado de Prince Georges. Sean se uni\u00f3 a nuestro equipo en 2009 como abogado del personal. Ahora maneja todas las operaciones del Departamento Legal.<\/p>\n<p><strong>Connellee Armentrout, Esq.<\/strong> se uni\u00f3 a nuestra firma en 2013 Connellee supervisa nuestro litigio en Virginia; Su oficina est\u00e1 ubicada en Richmond, VA. Connellee se gradu\u00f3 Magna Cum Laude de Hampden-Sydney College con una licenciatura en 2008 y de la Universidad de la Escuela de Derecho de Richmond en 2012. Connellee secretario del Honorable Herbert C. Gill, Jr., Tribunal de Circuito, Virginia del 12<sup>\u00ba<\/sup> Circuito Judicial, de 2012-2013.<\/p>\n<p><strong>Shawn Kennedy,<\/strong> <strong>director de la Firma,<\/strong> ha estado con la firma desde 1989. Shawn fue contratado como cobrador, fue ascendido a Subgerente en Colecciones en 1992 y fue nombrado Gerente de Colecciones en 1997. En 2013, Shawn fue ascendido a director de la Firma donde supervisa las operaciones diarias en la empresa.<\/p>\n","protected":false},"excerpt":{"rendered":"<p>Michael J. Klima, Jr., Esq. naci\u00f3 y creci\u00f3 en Baltimore, Maryland, obteniendo su licenciatura de la Universidad Estatal de Towson y su Doctorado en Jurisprudencia de la Universidad de Baltimore. El Sr. Klima comenz\u00f3 su empleo con Thieblot Ryan PA en 1996 como parte del personal de cobranza, luego como asistente legal y finalmente como<a class=\"read-more\" href=\"https:\/\/www.kpdlawgroup.com\/es\/liderazgo\/\"> &#8230; Read More<\/a><\/p>\n","protected":false},"author":2,"featured_media":0,"parent":0,"menu_order":0,"comment_status":"closed","ping_status":"closed","template":"","meta":{"_acf_changed":false,"_genesis_hide_title":false,"_genesis_hide_breadcrumbs":false,"_genesis_hide_singular_image":false,"_genesis_hide_footer_widgets":false,"_genesis_custom_body_class":"","_genesis_custom_post_class":"","_genesis_layout":"","footnotes":""},"class_list":{"0":"post-175","1":"page","2":"type-page","3":"status-publish","5":"entry"},"acf":[],"yoast_head":"<!-- This site is optimized with the Yoast SEO plugin v27.3 - https:\/\/yoast.com\/product\/yoast-seo-wordpress\/ -->\n<title>Liderazgo - Klima, Peters &amp; Daly<\/title>\n<meta name=\"robots\" content=\"index, follow, max-snippet:-1, max-image-preview:large, max-video-preview:-1\" \/>\n<link rel=\"canonical\" href=\"https:\/\/www.kpdlawgroup.com\/es\/liderazgo\/\" \/>\n<meta property=\"og:locale\" content=\"es_ES\" \/>\n<meta property=\"og:type\" content=\"article\" \/>\n<meta property=\"og:title\" content=\"Liderazgo - Klima, Peters &amp; Daly\" \/>\n<meta property=\"og:description\" content=\"Michael J. Klima, Jr., Esq. naci\u00f3 y creci\u00f3 en Baltimore, Maryland, obteniendo su licenciatura de la Universidad Estatal de Towson y su Doctorado en Jurisprudencia de la Universidad de Baltimore. El Sr. Klima comenz\u00f3 su empleo con Thieblot Ryan PA en 1996 como parte del personal de cobranza, luego como asistente legal y finalmente como ... Read More\" \/>\n<meta property=\"og:url\" content=\"https:\/\/www.kpdlawgroup.com\/es\/liderazgo\/\" \/>\n<meta property=\"og:site_name\" content=\"Klima, Peters &amp; Daly\" \/>\n<meta property=\"article:modified_time\" content=\"2021-03-09T13:50:08+00:00\" \/>\n<meta name=\"twitter:card\" content=\"summary_large_image\" \/>\n<meta name=\"twitter:label1\" content=\"Tiempo de lectura\" \/>\n\t<meta name=\"twitter:data1\" content=\"2 minutos\" \/>\n<script type=\"application\/ld+json\" class=\"yoast-schema-graph\">{\"@context\":\"https:\\\/\\\/schema.org\",\"@graph\":[{\"@type\":\"WebPage\",\"@id\":\"https:\\\/\\\/www.kpdlawgroup.com\\\/es\\\/liderazgo\\\/\",\"url\":\"https:\\\/\\\/www.kpdlawgroup.com\\\/es\\\/liderazgo\\\/\",\"name\":\"Liderazgo - Klima, Peters &amp; Daly\",\"isPartOf\":{\"@id\":\"https:\\\/\\\/www.kpdlawgroup.com\\\/#website\"},\"datePublished\":\"2020-03-31T20:06:34+00:00\",\"dateModified\":\"2021-03-09T13:50:08+00:00\",\"breadcrumb\":{\"@id\":\"https:\\\/\\\/www.kpdlawgroup.com\\\/es\\\/liderazgo\\\/#breadcrumb\"},\"inLanguage\":\"es\",\"potentialAction\":[{\"@type\":\"ReadAction\",\"target\":[\"https:\\\/\\\/www.kpdlawgroup.com\\\/es\\\/liderazgo\\\/\"]}]},{\"@type\":\"BreadcrumbList\",\"@id\":\"https:\\\/\\\/www.kpdlawgroup.com\\\/es\\\/liderazgo\\\/#breadcrumb\",\"itemListElement\":[{\"@type\":\"ListItem\",\"position\":1,\"name\":\"Home\",\"item\":\"https:\\\/\\\/www.kpdlawgroup.com\\\/es\\\/\"},{\"@type\":\"ListItem\",\"position\":2,\"name\":\"Liderazgo\"}]},{\"@type\":\"WebSite\",\"@id\":\"https:\\\/\\\/www.kpdlawgroup.com\\\/#website\",\"url\":\"https:\\\/\\\/www.kpdlawgroup.com\\\/\",\"name\":\"KPD Law Group\",\"description\":\"\",\"publisher\":{\"@id\":\"https:\\\/\\\/www.kpdlawgroup.com\\\/#organization\"},\"potentialAction\":[{\"@type\":\"SearchAction\",\"target\":{\"@type\":\"EntryPoint\",\"urlTemplate\":\"https:\\\/\\\/www.kpdlawgroup.com\\\/?s={search_term_string}\"},\"query-input\":{\"@type\":\"PropertyValueSpecification\",\"valueRequired\":true,\"valueName\":\"search_term_string\"}}],\"inLanguage\":\"es\"},{\"@type\":\"Organization\",\"@id\":\"https:\\\/\\\/www.kpdlawgroup.com\\\/#organization\",\"name\":\"KPD Law Group\",\"url\":\"https:\\\/\\\/www.kpdlawgroup.com\\\/\",\"logo\":{\"@type\":\"ImageObject\",\"inLanguage\":\"es\",\"@id\":\"https:\\\/\\\/www.kpdlawgroup.com\\\/#\\\/schema\\\/logo\\\/image\\\/\",\"url\":\"https:\\\/\\\/www.kpdlawgroup.com\\\/wp-content\\\/uploads\\\/2021\\\/03\\\/kpd-logo.svg\",\"contentUrl\":\"https:\\\/\\\/www.kpdlawgroup.com\\\/wp-content\\\/uploads\\\/2021\\\/03\\\/kpd-logo.svg\",\"width\":278,\"height\":88,\"caption\":\"KPD Law Group\"},\"image\":{\"@id\":\"https:\\\/\\\/www.kpdlawgroup.com\\\/#\\\/schema\\\/logo\\\/image\\\/\"}}]}<\/script>\n<!-- \/ Yoast SEO plugin. -->","yoast_head_json":{"title":"Liderazgo - Klima, Peters &amp; Daly","robots":{"index":"index","follow":"follow","max-snippet":"max-snippet:-1","max-image-preview":"max-image-preview:large","max-video-preview":"max-video-preview:-1"},"canonical":"https:\/\/www.kpdlawgroup.com\/es\/liderazgo\/","og_locale":"es_ES","og_type":"article","og_title":"Liderazgo - Klima, Peters &amp; Daly","og_description":"Michael J. Klima, Jr., Esq. naci\u00f3 y creci\u00f3 en Baltimore, Maryland, obteniendo su licenciatura de la Universidad Estatal de Towson y su Doctorado en Jurisprudencia de la Universidad de Baltimore. El Sr. Klima comenz\u00f3 su empleo con Thieblot Ryan PA en 1996 como parte del personal de cobranza, luego como asistente legal y finalmente como ... Read More","og_url":"https:\/\/www.kpdlawgroup.com\/es\/liderazgo\/","og_site_name":"Klima, Peters &amp; Daly","article_modified_time":"2021-03-09T13:50:08+00:00","twitter_card":"summary_large_image","twitter_misc":{"Tiempo de lectura":"2 minutos"},"schema":{"@context":"https:\/\/schema.org","@graph":[{"@type":"WebPage","@id":"https:\/\/www.kpdlawgroup.com\/es\/liderazgo\/","url":"https:\/\/www.kpdlawgroup.com\/es\/liderazgo\/","name":"Liderazgo - Klima, Peters &amp; Daly","isPartOf":{"@id":"https:\/\/www.kpdlawgroup.com\/#website"},"datePublished":"2020-03-31T20:06:34+00:00","dateModified":"2021-03-09T13:50:08+00:00","breadcrumb":{"@id":"https:\/\/www.kpdlawgroup.com\/es\/liderazgo\/#breadcrumb"},"inLanguage":"es","potentialAction":[{"@type":"ReadAction","target":["https:\/\/www.kpdlawgroup.com\/es\/liderazgo\/"]}]},{"@type":"BreadcrumbList","@id":"https:\/\/www.kpdlawgroup.com\/es\/liderazgo\/#breadcrumb","itemListElement":[{"@type":"ListItem","position":1,"name":"Home","item":"https:\/\/www.kpdlawgroup.com\/es\/"},{"@type":"ListItem","position":2,"name":"Liderazgo"}]},{"@type":"WebSite","@id":"https:\/\/www.kpdlawgroup.com\/#website","url":"https:\/\/www.kpdlawgroup.com\/","name":"KPD Law Group","description":"","publisher":{"@id":"https:\/\/www.kpdlawgroup.com\/#organization"},"potentialAction":[{"@type":"SearchAction","target":{"@type":"EntryPoint","urlTemplate":"https:\/\/www.kpdlawgroup.com\/?s={search_term_string}"},"query-input":{"@type":"PropertyValueSpecification","valueRequired":true,"valueName":"search_term_string"}}],"inLanguage":"es"},{"@type":"Organization","@id":"https:\/\/www.kpdlawgroup.com\/#organization","name":"KPD Law Group","url":"https:\/\/www.kpdlawgroup.com\/","logo":{"@type":"ImageObject","inLanguage":"es","@id":"https:\/\/www.kpdlawgroup.com\/#\/schema\/logo\/image\/","url":"https:\/\/www.kpdlawgroup.com\/wp-content\/uploads\/2021\/03\/kpd-logo.svg","contentUrl":"https:\/\/www.kpdlawgroup.com\/wp-content\/uploads\/2021\/03\/kpd-logo.svg","width":278,"height":88,"caption":"KPD Law Group"},"image":{"@id":"https:\/\/www.kpdlawgroup.com\/#\/schema\/logo\/image\/"}}]}},"_links":{"self":[{"href":"https:\/\/www.kpdlawgroup.com\/es\/wp-json\/wp\/v2\/pages\/175","targetHints":{"allow":["GET"]}}],"collection":[{"href":"https:\/\/www.kpdlawgroup.com\/es\/wp-json\/wp\/v2\/pages"}],"about":[{"href":"https:\/\/www.kpdlawgroup.com\/es\/wp-json\/wp\/v2\/types\/page"}],"author":[{"embeddable":true,"href":"https:\/\/www.kpdlawgroup.com\/es\/wp-json\/wp\/v2\/users\/2"}],"replies":[{"embeddable":true,"href":"https:\/\/www.kpdlawgroup.com\/es\/wp-json\/wp\/v2\/comments?post=175"}],"version-history":[{"count":0,"href":"https:\/\/www.kpdlawgroup.com\/es\/wp-json\/wp\/v2\/pages\/175\/revisions"}],"wp:attachment":[{"href":"https:\/\/www.kpdlawgroup.com\/es\/wp-json\/wp\/v2\/media?parent=175"}],"curies":[{"name":"wp","href":"https:\/\/api.w.org\/{rel}","templated":true}]}}