
  {"id":173,"date":"2020-03-31T16:00:27","date_gmt":"2020-03-31T16:00:27","guid":{"rendered":"https:\/\/pmkplaw.wpengine.com\/politica-de-privacidad\/"},"modified":"2021-03-11T20:41:59","modified_gmt":"2021-03-11T20:41:59","slug":"politica-de-privacidad","status":"publish","type":"page","link":"https:\/\/www.kpdlawgroup.com\/es\/politica-de-privacidad\/","title":{"rendered":"POL\u00cdTICA DE PRIVACIDAD"},"content":{"rendered":"<p>Klima, Peters, &amp; Daly, P.A. respeta y se compromete a proteger su privacidad. Klima, Peters, &amp; Daly, P.A. no recopila informaci\u00f3n personal sobre ning\u00fan visitante del sitio, excepto cuando es proporcionada por un individuo a sabiendas. Toda la informaci\u00f3n personal se mantiene confidencial.<\/p>\n","protected":false},"excerpt":{"rendered":"<p>Klima, Peters, &amp; Daly, P.A. respeta y se compromete a proteger su privacidad. Klima, Peters, &amp; Daly, P.A. no recopila informaci\u00f3n personal sobre ning\u00fan visitante del sitio, excepto cuando es proporcionada por un individuo a sabiendas. Toda la informaci\u00f3n personal se mantiene confidencial.<\/p>\n","protected":false},"author":2,"featured_media":0,"parent":0,"menu_order":0,"comment_status":"closed","ping_status":"open","template":"","meta":{"_acf_changed":false,"_genesis_hide_title":false,"_genesis_hide_breadcrumbs":false,"_genesis_hide_singular_image":false,"_genesis_hide_footer_widgets":false,"_genesis_custom_body_class":"","_genesis_custom_post_class":"","_genesis_layout":"","footnotes":""},"class_list":{"0":"post-173","1":"page","2":"type-page","3":"status-publish","5":"entry"},"acf":[],"yoast_head":"<!-- This site is optimized with the Yoast SEO plugin v27.3 - https:\/\/yoast.com\/product\/yoast-seo-wordpress\/ -->\n<title>POL\u00cdTICA DE PRIVACIDAD - Klima, Peters &amp; Daly<\/title>\n<meta name=\"robots\" content=\"index, follow, max-snippet:-1, max-image-preview:large, max-video-preview:-1\" \/>\n<link rel=\"canonical\" href=\"https:\/\/www.kpdlawgroup.com\/es\/politica-de-privacidad\/\" \/>\n<meta property=\"og:locale\" content=\"es_ES\" \/>\n<meta property=\"og:type\" content=\"article\" \/>\n<meta property=\"og:title\" content=\"POL\u00cdTICA DE PRIVACIDAD - Klima, Peters &amp; Daly\" \/>\n<meta property=\"og:description\" content=\"Klima, Peters, &amp; Daly, P.A. respeta y se compromete a proteger su privacidad. Klima, Peters, &amp; Daly, P.A. no recopila informaci\u00f3n personal sobre ning\u00fan visitante del sitio, excepto cuando es proporcionada por un individuo a sabiendas. Toda la informaci\u00f3n personal se mantiene confidencial.\" \/>\n<meta property=\"og:url\" content=\"https:\/\/www.kpdlawgroup.com\/es\/politica-de-privacidad\/\" \/>\n<meta property=\"og:site_name\" content=\"Klima, Peters &amp; Daly\" \/>\n<meta property=\"article:modified_time\" content=\"2021-03-11T20:41:59+00:00\" \/>\n<meta name=\"twitter:card\" content=\"summary_large_image\" \/>\n<script type=\"application\/ld+json\" class=\"yoast-schema-graph\">{\"@context\":\"https:\\\/\\\/schema.org\",\"@graph\":[{\"@type\":\"WebPage\",\"@id\":\"https:\\\/\\\/www.kpdlawgroup.com\\\/es\\\/politica-de-privacidad\\\/\",\"url\":\"https:\\\/\\\/www.kpdlawgroup.com\\\/es\\\/politica-de-privacidad\\\/\",\"name\":\"POL\u00cdTICA DE PRIVACIDAD - Klima, Peters &amp; Daly\",\"isPartOf\":{\"@id\":\"https:\\\/\\\/www.kpdlawgroup.com\\\/#website\"},\"datePublished\":\"2020-03-31T16:00:27+00:00\",\"dateModified\":\"2021-03-11T20:41:59+00:00\",\"breadcrumb\":{\"@id\":\"https:\\\/\\\/www.kpdlawgroup.com\\\/es\\\/politica-de-privacidad\\\/#breadcrumb\"},\"inLanguage\":\"es\",\"potentialAction\":[{\"@type\":\"ReadAction\",\"target\":[\"https:\\\/\\\/www.kpdlawgroup.com\\\/es\\\/politica-de-privacidad\\\/\"]}]},{\"@type\":\"BreadcrumbList\",\"@id\":\"https:\\\/\\\/www.kpdlawgroup.com\\\/es\\\/politica-de-privacidad\\\/#breadcrumb\",\"itemListElement\":[{\"@type\":\"ListItem\",\"position\":1,\"name\":\"Home\",\"item\":\"https:\\\/\\\/www.kpdlawgroup.com\\\/es\\\/\"},{\"@type\":\"ListItem\",\"position\":2,\"name\":\"POL\u00cdTICA DE PRIVACIDAD\"}]},{\"@type\":\"WebSite\",\"@id\":\"https:\\\/\\\/www.kpdlawgroup.com\\\/#website\",\"url\":\"https:\\\/\\\/www.kpdlawgroup.com\\\/\",\"name\":\"KPD Law Group\",\"description\":\"\",\"publisher\":{\"@id\":\"https:\\\/\\\/www.kpdlawgroup.com\\\/#organization\"},\"potentialAction\":[{\"@type\":\"SearchAction\",\"target\":{\"@type\":\"EntryPoint\",\"urlTemplate\":\"https:\\\/\\\/www.kpdlawgroup.com\\\/?s={search_term_string}\"},\"query-input\":{\"@type\":\"PropertyValueSpecification\",\"valueRequired\":true,\"valueName\":\"search_term_string\"}}],\"inLanguage\":\"es\"},{\"@type\":\"Organization\",\"@id\":\"https:\\\/\\\/www.kpdlawgroup.com\\\/#organization\",\"name\":\"KPD Law Group\",\"url\":\"https:\\\/\\\/www.kpdlawgroup.com\\\/\",\"logo\":{\"@type\":\"ImageObject\",\"inLanguage\":\"es\",\"@id\":\"https:\\\/\\\/www.kpdlawgroup.com\\\/#\\\/schema\\\/logo\\\/image\\\/\",\"url\":\"https:\\\/\\\/www.kpdlawgroup.com\\\/wp-content\\\/uploads\\\/2021\\\/03\\\/kpd-logo.svg\",\"contentUrl\":\"https:\\\/\\\/www.kpdlawgroup.com\\\/wp-content\\\/uploads\\\/2021\\\/03\\\/kpd-logo.svg\",\"width\":278,\"height\":88,\"caption\":\"KPD Law Group\"},\"image\":{\"@id\":\"https:\\\/\\\/www.kpdlawgroup.com\\\/#\\\/schema\\\/logo\\\/image\\\/\"}}]}<\/script>\n<!-- \/ Yoast SEO plugin. -->","yoast_head_json":{"title":"POL\u00cdTICA DE PRIVACIDAD - Klima, Peters &amp; Daly","robots":{"index":"index","follow":"follow","max-snippet":"max-snippet:-1","max-image-preview":"max-image-preview:large","max-video-preview":"max-video-preview:-1"},"canonical":"https:\/\/www.kpdlawgroup.com\/es\/politica-de-privacidad\/","og_locale":"es_ES","og_type":"article","og_title":"POL\u00cdTICA DE PRIVACIDAD - Klima, Peters &amp; Daly","og_description":"Klima, Peters, &amp; Daly, P.A. respeta y se compromete a proteger su privacidad. Klima, Peters, &amp; Daly, P.A. no recopila informaci\u00f3n personal sobre ning\u00fan visitante del sitio, excepto cuando es proporcionada por un individuo a sabiendas. Toda la informaci\u00f3n personal se mantiene confidencial.","og_url":"https:\/\/www.kpdlawgroup.com\/es\/politica-de-privacidad\/","og_site_name":"Klima, Peters &amp; Daly","article_modified_time":"2021-03-11T20:41:59+00:00","twitter_card":"summary_large_image","schema":{"@context":"https:\/\/schema.org","@graph":[{"@type":"WebPage","@id":"https:\/\/www.kpdlawgroup.com\/es\/politica-de-privacidad\/","url":"https:\/\/www.kpdlawgroup.com\/es\/politica-de-privacidad\/","name":"POL\u00cdTICA DE PRIVACIDAD - Klima, Peters &amp; Daly","isPartOf":{"@id":"https:\/\/www.kpdlawgroup.com\/#website"},"datePublished":"2020-03-31T16:00:27+00:00","dateModified":"2021-03-11T20:41:59+00:00","breadcrumb":{"@id":"https:\/\/www.kpdlawgroup.com\/es\/politica-de-privacidad\/#breadcrumb"},"inLanguage":"es","potentialAction":[{"@type":"ReadAction","target":["https:\/\/www.kpdlawgroup.com\/es\/politica-de-privacidad\/"]}]},{"@type":"BreadcrumbList","@id":"https:\/\/www.kpdlawgroup.com\/es\/politica-de-privacidad\/#breadcrumb","itemListElement":[{"@type":"ListItem","position":1,"name":"Home","item":"https:\/\/www.kpdlawgroup.com\/es\/"},{"@type":"ListItem","position":2,"name":"POL\u00cdTICA DE PRIVACIDAD"}]},{"@type":"WebSite","@id":"https:\/\/www.kpdlawgroup.com\/#website","url":"https:\/\/www.kpdlawgroup.com\/","name":"KPD Law Group","description":"","publisher":{"@id":"https:\/\/www.kpdlawgroup.com\/#organization"},"potentialAction":[{"@type":"SearchAction","target":{"@type":"EntryPoint","urlTemplate":"https:\/\/www.kpdlawgroup.com\/?s={search_term_string}"},"query-input":{"@type":"PropertyValueSpecification","valueRequired":true,"valueName":"search_term_string"}}],"inLanguage":"es"},{"@type":"Organization","@id":"https:\/\/www.kpdlawgroup.com\/#organization","name":"KPD Law Group","url":"https:\/\/www.kpdlawgroup.com\/","logo":{"@type":"ImageObject","inLanguage":"es","@id":"https:\/\/www.kpdlawgroup.com\/#\/schema\/logo\/image\/","url":"https:\/\/www.kpdlawgroup.com\/wp-content\/uploads\/2021\/03\/kpd-logo.svg","contentUrl":"https:\/\/www.kpdlawgroup.com\/wp-content\/uploads\/2021\/03\/kpd-logo.svg","width":278,"height":88,"caption":"KPD Law Group"},"image":{"@id":"https:\/\/www.kpdlawgroup.com\/#\/schema\/logo\/image\/"}}]}},"_links":{"self":[{"href":"https:\/\/www.kpdlawgroup.com\/es\/wp-json\/wp\/v2\/pages\/173","targetHints":{"allow":["GET"]}}],"collection":[{"href":"https:\/\/www.kpdlawgroup.com\/es\/wp-json\/wp\/v2\/pages"}],"about":[{"href":"https:\/\/www.kpdlawgroup.com\/es\/wp-json\/wp\/v2\/types\/page"}],"author":[{"embeddable":true,"href":"https:\/\/www.kpdlawgroup.com\/es\/wp-json\/wp\/v2\/users\/2"}],"replies":[{"embeddable":true,"href":"https:\/\/www.kpdlawgroup.com\/es\/wp-json\/wp\/v2\/comments?post=173"}],"version-history":[{"count":0,"href":"https:\/\/www.kpdlawgroup.com\/es\/wp-json\/wp\/v2\/pages\/173\/revisions"}],"wp:attachment":[{"href":"https:\/\/www.kpdlawgroup.com\/es\/wp-json\/wp\/v2\/media?parent=173"}],"curies":[{"name":"wp","href":"https:\/\/api.w.org\/{rel}","templated":true}]}}