
  {"id":169,"date":"2020-03-28T15:16:21","date_gmt":"2020-03-28T15:16:21","guid":{"rendered":"https:\/\/pmkplaw.wpengine.com\/analisis-de-presupuesto-mensual\/"},"modified":"2023-05-02T16:53:07","modified_gmt":"2023-05-02T16:53:07","slug":"analisis-de-presupuesto-mensual","status":"publish","type":"page","link":"https:\/\/www.kpdlawgroup.com\/es\/analisis-de-presupuesto-mensual\/","title":{"rendered":"An\u00e1lisis de presupuesto mensual"},"content":{"rendered":"<p>Descargue un an\u00e1lisis de presupuesto mensual para su propio uso:<\/p>\n<p><a href=\"https:\/\/www.kpdlawgroup.com\/wp-content\/uploads\/2020\/01\/MonthlyBudgetAnalysis.pdf\" target=\"_blank\" rel=\"noopener noreferrer\" aria-label=\"PDF - opens in new tab\"><img loading=\"lazy\" decoding=\"async\" class=\"alignnone wp-image-114 size-full\" src=\"https:\/\/www.kpdlawgroup.com\/wp-content\/uploads\/2020\/01\/PDF-icon.png\" alt=\"PDF icon\" width=\"120\" height=\"120\"><\/a><\/p>\n<p><a href=\"https:\/\/www.kpdlawgroup.com\/wp-content\/uploads\/2020\/01\/MonthlyBudgetAnalysis.pdf\" target=\"_blank\" rel=\"noopener noreferrer\" aria-label=\"An\u00e1lisis de presupuesto mensual PDF - opens in new tab\">An\u00e1lisis de presupuesto mensual<\/a><\/p>\n","protected":false},"excerpt":{"rendered":"<p>Descargue un an\u00e1lisis de presupuesto mensual para su propio uso: An\u00e1lisis de presupuesto mensual<\/p>\n","protected":false},"author":2,"featured_media":0,"parent":0,"menu_order":0,"comment_status":"closed","ping_status":"closed","template":"","meta":{"_acf_changed":false,"_genesis_hide_title":false,"_genesis_hide_breadcrumbs":false,"_genesis_hide_singular_image":false,"_genesis_hide_footer_widgets":false,"_genesis_custom_body_class":"","_genesis_custom_post_class":"","_genesis_layout":"","footnotes":""},"class_list":{"0":"post-169","1":"page","2":"type-page","3":"status-publish","5":"entry"},"acf":[],"yoast_head":"<!-- This site is optimized with the Yoast SEO plugin v27.3 - https:\/\/yoast.com\/product\/yoast-seo-wordpress\/ -->\n<title>An\u00e1lisis de presupuesto mensual - Klima, Peters &amp; Daly<\/title>\n<meta name=\"robots\" content=\"index, follow, max-snippet:-1, max-image-preview:large, max-video-preview:-1\" \/>\n<link rel=\"canonical\" href=\"https:\/\/www.kpdlawgroup.com\/es\/analisis-de-presupuesto-mensual\/\" \/>\n<meta property=\"og:locale\" content=\"es_ES\" \/>\n<meta property=\"og:type\" content=\"article\" \/>\n<meta property=\"og:title\" content=\"An\u00e1lisis de presupuesto mensual - Klima, Peters &amp; Daly\" \/>\n<meta property=\"og:description\" content=\"Descargue un an\u00e1lisis de presupuesto mensual para su propio uso: An\u00e1lisis de presupuesto mensual\" \/>\n<meta property=\"og:url\" content=\"https:\/\/www.kpdlawgroup.com\/es\/analisis-de-presupuesto-mensual\/\" \/>\n<meta property=\"og:site_name\" content=\"Klima, Peters &amp; Daly\" \/>\n<meta property=\"article:modified_time\" content=\"2023-05-02T16:53:07+00:00\" \/>\n<meta property=\"og:image\" content=\"https:\/\/www.kpdlawgroup.com\/wp-content\/uploads\/2020\/01\/PDF-icon.png\" \/>\n<meta name=\"twitter:card\" content=\"summary_large_image\" \/>\n<script type=\"application\/ld+json\" class=\"yoast-schema-graph\">{\"@context\":\"https:\\\/\\\/schema.org\",\"@graph\":[{\"@type\":\"WebPage\",\"@id\":\"https:\\\/\\\/www.kpdlawgroup.com\\\/es\\\/analisis-de-presupuesto-mensual\\\/\",\"url\":\"https:\\\/\\\/www.kpdlawgroup.com\\\/es\\\/analisis-de-presupuesto-mensual\\\/\",\"name\":\"An\u00e1lisis de presupuesto mensual - Klima, Peters &amp; Daly\",\"isPartOf\":{\"@id\":\"https:\\\/\\\/www.kpdlawgroup.com\\\/#website\"},\"primaryImageOfPage\":{\"@id\":\"https:\\\/\\\/www.kpdlawgroup.com\\\/es\\\/analisis-de-presupuesto-mensual\\\/#primaryimage\"},\"image\":{\"@id\":\"https:\\\/\\\/www.kpdlawgroup.com\\\/es\\\/analisis-de-presupuesto-mensual\\\/#primaryimage\"},\"thumbnailUrl\":\"https:\\\/\\\/www.kpdlawgroup.com\\\/wp-content\\\/uploads\\\/2020\\\/01\\\/PDF-icon.png\",\"datePublished\":\"2020-03-28T15:16:21+00:00\",\"dateModified\":\"2023-05-02T16:53:07+00:00\",\"breadcrumb\":{\"@id\":\"https:\\\/\\\/www.kpdlawgroup.com\\\/es\\\/analisis-de-presupuesto-mensual\\\/#breadcrumb\"},\"inLanguage\":\"es\",\"potentialAction\":[{\"@type\":\"ReadAction\",\"target\":[\"https:\\\/\\\/www.kpdlawgroup.com\\\/es\\\/analisis-de-presupuesto-mensual\\\/\"]}]},{\"@type\":\"ImageObject\",\"inLanguage\":\"es\",\"@id\":\"https:\\\/\\\/www.kpdlawgroup.com\\\/es\\\/analisis-de-presupuesto-mensual\\\/#primaryimage\",\"url\":\"https:\\\/\\\/www.kpdlawgroup.com\\\/wp-content\\\/uploads\\\/2020\\\/01\\\/PDF-icon.png\",\"contentUrl\":\"https:\\\/\\\/www.kpdlawgroup.com\\\/wp-content\\\/uploads\\\/2020\\\/01\\\/PDF-icon.png\"},{\"@type\":\"BreadcrumbList\",\"@id\":\"https:\\\/\\\/www.kpdlawgroup.com\\\/es\\\/analisis-de-presupuesto-mensual\\\/#breadcrumb\",\"itemListElement\":[{\"@type\":\"ListItem\",\"position\":1,\"name\":\"Home\",\"item\":\"https:\\\/\\\/www.kpdlawgroup.com\\\/es\\\/\"},{\"@type\":\"ListItem\",\"position\":2,\"name\":\"An\u00e1lisis de presupuesto mensual\"}]},{\"@type\":\"WebSite\",\"@id\":\"https:\\\/\\\/www.kpdlawgroup.com\\\/#website\",\"url\":\"https:\\\/\\\/www.kpdlawgroup.com\\\/\",\"name\":\"KPD Law Group\",\"description\":\"\",\"publisher\":{\"@id\":\"https:\\\/\\\/www.kpdlawgroup.com\\\/#organization\"},\"potentialAction\":[{\"@type\":\"SearchAction\",\"target\":{\"@type\":\"EntryPoint\",\"urlTemplate\":\"https:\\\/\\\/www.kpdlawgroup.com\\\/?s={search_term_string}\"},\"query-input\":{\"@type\":\"PropertyValueSpecification\",\"valueRequired\":true,\"valueName\":\"search_term_string\"}}],\"inLanguage\":\"es\"},{\"@type\":\"Organization\",\"@id\":\"https:\\\/\\\/www.kpdlawgroup.com\\\/#organization\",\"name\":\"KPD Law Group\",\"url\":\"https:\\\/\\\/www.kpdlawgroup.com\\\/\",\"logo\":{\"@type\":\"ImageObject\",\"inLanguage\":\"es\",\"@id\":\"https:\\\/\\\/www.kpdlawgroup.com\\\/#\\\/schema\\\/logo\\\/image\\\/\",\"url\":\"https:\\\/\\\/www.kpdlawgroup.com\\\/wp-content\\\/uploads\\\/2021\\\/03\\\/kpd-logo.svg\",\"contentUrl\":\"https:\\\/\\\/www.kpdlawgroup.com\\\/wp-content\\\/uploads\\\/2021\\\/03\\\/kpd-logo.svg\",\"width\":278,\"height\":88,\"caption\":\"KPD Law Group\"},\"image\":{\"@id\":\"https:\\\/\\\/www.kpdlawgroup.com\\\/#\\\/schema\\\/logo\\\/image\\\/\"}}]}<\/script>\n<!-- \/ Yoast SEO plugin. -->","yoast_head_json":{"title":"An\u00e1lisis de presupuesto mensual - Klima, Peters &amp; Daly","robots":{"index":"index","follow":"follow","max-snippet":"max-snippet:-1","max-image-preview":"max-image-preview:large","max-video-preview":"max-video-preview:-1"},"canonical":"https:\/\/www.kpdlawgroup.com\/es\/analisis-de-presupuesto-mensual\/","og_locale":"es_ES","og_type":"article","og_title":"An\u00e1lisis de presupuesto mensual - Klima, Peters &amp; Daly","og_description":"Descargue un an\u00e1lisis de presupuesto mensual para su propio uso: An\u00e1lisis de presupuesto mensual","og_url":"https:\/\/www.kpdlawgroup.com\/es\/analisis-de-presupuesto-mensual\/","og_site_name":"Klima, Peters &amp; Daly","article_modified_time":"2023-05-02T16:53:07+00:00","og_image":[{"url":"https:\/\/www.kpdlawgroup.com\/wp-content\/uploads\/2020\/01\/PDF-icon.png","type":"","width":"","height":""}],"twitter_card":"summary_large_image","schema":{"@context":"https:\/\/schema.org","@graph":[{"@type":"WebPage","@id":"https:\/\/www.kpdlawgroup.com\/es\/analisis-de-presupuesto-mensual\/","url":"https:\/\/www.kpdlawgroup.com\/es\/analisis-de-presupuesto-mensual\/","name":"An\u00e1lisis de presupuesto mensual - Klima, Peters &amp; Daly","isPartOf":{"@id":"https:\/\/www.kpdlawgroup.com\/#website"},"primaryImageOfPage":{"@id":"https:\/\/www.kpdlawgroup.com\/es\/analisis-de-presupuesto-mensual\/#primaryimage"},"image":{"@id":"https:\/\/www.kpdlawgroup.com\/es\/analisis-de-presupuesto-mensual\/#primaryimage"},"thumbnailUrl":"https:\/\/www.kpdlawgroup.com\/wp-content\/uploads\/2020\/01\/PDF-icon.png","datePublished":"2020-03-28T15:16:21+00:00","dateModified":"2023-05-02T16:53:07+00:00","breadcrumb":{"@id":"https:\/\/www.kpdlawgroup.com\/es\/analisis-de-presupuesto-mensual\/#breadcrumb"},"inLanguage":"es","potentialAction":[{"@type":"ReadAction","target":["https:\/\/www.kpdlawgroup.com\/es\/analisis-de-presupuesto-mensual\/"]}]},{"@type":"ImageObject","inLanguage":"es","@id":"https:\/\/www.kpdlawgroup.com\/es\/analisis-de-presupuesto-mensual\/#primaryimage","url":"https:\/\/www.kpdlawgroup.com\/wp-content\/uploads\/2020\/01\/PDF-icon.png","contentUrl":"https:\/\/www.kpdlawgroup.com\/wp-content\/uploads\/2020\/01\/PDF-icon.png"},{"@type":"BreadcrumbList","@id":"https:\/\/www.kpdlawgroup.com\/es\/analisis-de-presupuesto-mensual\/#breadcrumb","itemListElement":[{"@type":"ListItem","position":1,"name":"Home","item":"https:\/\/www.kpdlawgroup.com\/es\/"},{"@type":"ListItem","position":2,"name":"An\u00e1lisis de presupuesto mensual"}]},{"@type":"WebSite","@id":"https:\/\/www.kpdlawgroup.com\/#website","url":"https:\/\/www.kpdlawgroup.com\/","name":"KPD Law Group","description":"","publisher":{"@id":"https:\/\/www.kpdlawgroup.com\/#organization"},"potentialAction":[{"@type":"SearchAction","target":{"@type":"EntryPoint","urlTemplate":"https:\/\/www.kpdlawgroup.com\/?s={search_term_string}"},"query-input":{"@type":"PropertyValueSpecification","valueRequired":true,"valueName":"search_term_string"}}],"inLanguage":"es"},{"@type":"Organization","@id":"https:\/\/www.kpdlawgroup.com\/#organization","name":"KPD Law Group","url":"https:\/\/www.kpdlawgroup.com\/","logo":{"@type":"ImageObject","inLanguage":"es","@id":"https:\/\/www.kpdlawgroup.com\/#\/schema\/logo\/image\/","url":"https:\/\/www.kpdlawgroup.com\/wp-content\/uploads\/2021\/03\/kpd-logo.svg","contentUrl":"https:\/\/www.kpdlawgroup.com\/wp-content\/uploads\/2021\/03\/kpd-logo.svg","width":278,"height":88,"caption":"KPD Law Group"},"image":{"@id":"https:\/\/www.kpdlawgroup.com\/#\/schema\/logo\/image\/"}}]}},"_links":{"self":[{"href":"https:\/\/www.kpdlawgroup.com\/es\/wp-json\/wp\/v2\/pages\/169","targetHints":{"allow":["GET"]}}],"collection":[{"href":"https:\/\/www.kpdlawgroup.com\/es\/wp-json\/wp\/v2\/pages"}],"about":[{"href":"https:\/\/www.kpdlawgroup.com\/es\/wp-json\/wp\/v2\/types\/page"}],"author":[{"embeddable":true,"href":"https:\/\/www.kpdlawgroup.com\/es\/wp-json\/wp\/v2\/users\/2"}],"replies":[{"embeddable":true,"href":"https:\/\/www.kpdlawgroup.com\/es\/wp-json\/wp\/v2\/comments?post=169"}],"version-history":[{"count":0,"href":"https:\/\/www.kpdlawgroup.com\/es\/wp-json\/wp\/v2\/pages\/169\/revisions"}],"wp:attachment":[{"href":"https:\/\/www.kpdlawgroup.com\/es\/wp-json\/wp\/v2\/media?parent=169"}],"curies":[{"name":"wp","href":"https:\/\/api.w.org\/{rel}","templated":true}]}}